{"id":1009,"date":"2021-10-11T05:04:07","date_gmt":"2021-10-11T05:04:07","guid":{"rendered":"https:\/\/wp.notbad.site\/about\/"},"modified":"2023-07-11T12:39:55","modified_gmt":"2023-07-11T10:39:55","slug":"about","status":"publish","type":"page","link":"https:\/\/wp.notbad.site\/et\/about\/","title":{"rendered":"Meist"},"content":{"rendered":"<div class=\"wp-block-uagb-container uagb-block-714d1d7b alignfull uagb-is-root-container\"><div class=\"uagb-container-inner-blocks-wrap\">\n<div class=\"wp-block-uagb-advanced-heading uagb-block-b2ba1ee3\"><h1 class=\"uagb-heading-text\">Meist<\/h1><\/div>\n<\/div><\/div>\n\n\n\n<div class=\"wp-block-uagb-container uagb-block-d31eb384 alignfull uagb-is-root-container\"><div class=\"uagb-container-inner-blocks-wrap\">\n<div class=\"wp-block-uagb-container uagb-block-d218976b\">\n<div class=\"wp-block-uagb-image uagb-block-314c7dee wp-block-uagb-image--layout-default wp-block-uagb-image--effect-static wp-block-uagb-image--align-none\"><figure class=\"wp-block-uagb-image__figure\"><img decoding=\"async\" srcset=\"https:\/\/wp.notbad.site\/wp-content\/uploads\/2021\/07\/fashion-designer-about-owner-img.jpg ,https:\/\/wp.notbad.site\/wp-content\/uploads\/2021\/07\/fashion-designer-about-owner-img.jpg 780w, https:\/\/wp.notbad.site\/wp-content\/uploads\/2021\/07\/fashion-designer-about-owner-img.jpg 360w\" sizes=\"auto, (max-width: 480px) 150px\" src=\"https:\/\/wp.notbad.site\/wp-content\/uploads\/2021\/07\/fashion-designer-about-owner-img.jpg\" alt=\"\" class=\"uag-image-425\" width=\"551\" height=\"734\" title=\"\" loading=\"lazy\"\/><\/figure><\/div>\n\n\n\n<div class=\"wp-block-uagb-advanced-heading uagb-block-311ec3f4\"><\/div>\n<\/div>\n\n\n\n<div class=\"wp-block-uagb-container uagb-block-57a550a1\">\n<div class=\"wp-block-uagb-advanced-heading uagb-block-40fc897d\"><h5 class=\"uagb-heading-text\">O\u00dc Merigen'i tekstiil - ning trikotaa\u017etooteportfell  on nii br\u00e4ndide kui tootegruppide osas  suur ja lai.<\/h5><\/div>\n\n\n\n<p>Laseme toota ka enda poolt soetatud niidist, l\u00f5ngast ja muust materjalist erinevaid  tooteid, mida suudame pakkuda hea hinna ja kvaliteedi suhtega oma klientidele ja  edasim\u00fc\u00fcjatele.<\/p>\n\n\n\n<p>Hindame k\u00f5rgelt oma partnerite soove ning n\u00e4gemust, millele toetudes  on meie pikaajaline koost\u00f6\u00f6 ka olnud edukas.<\/p>\n\n\n\n<div class=\"wp-block-uagb-info-box uagb-block-93e4e764 uagb-infobox__content-wrap  uagb-infobox-icon-above-title uagb-infobox-image-valign-top\"><div class=\"uagb-ifb-content\"><div class=\"uagb-ifb-icon-wrap\"><svg xmlns=\"https:\/\/www.w3.org\/2000\/svg\" viewbox=\"0 0 448 512\"><path d=\"M96 224C84.72 224 74.05 226.3 64 229.9V224c0-35.3 28.7-64 64-64c17.67 0 32-14.33 32-32S145.7 96 128 96C57.42 96 0 153.4 0 224v96c0 53.02 42.98 96 96 96s96-42.98 96-96S149 224 96 224zM352 224c-11.28 0-21.95 2.305-32 5.879V224c0-35.3 28.7-64 64-64c17.67 0 32-14.33 32-32s-14.33-32-32-32c-70.58 0-128 57.42-128 128v96c0 53.02 42.98 96 96 96s96-42.98 96-96S405 224 352 224z\"><\/path><\/svg><\/div><div class=\"uagb-ifb-title-wrap\"><h5 class=\"uagb-ifb-title\">T\u00e4nap\u00e4eva maailmas n\u00e4evad ettev\u00f5tjad palju vaeva, et leida omale usaldusv\u00e4\u00e4rsed koost\u00f6\u00f6partnerid ning lojaalsed kliendid. Konkurents \u00fcmberringi on v\u00e4ga suur ja iga\u00fcks soovib olla parim omal alal. Edukas ettev\u00f5tja teab, et edu ei s\u00fcnni niisama lihtsalt - selle nimel tuleb v\u00f5idelda ning sellesse tuleb ka panustada. Meie hindame koost\u00f6\u00f6d v\u00e4ga k\u00f5rgelt ning leiame, et usaldus on see, mis tagab j\u00e4tkusuutlikkuse. See on ka O\u00dc Merigen'i prioriteediks -  tagada omapoolne panus selleks, et edu oleks m\u00f5lemapoolne ning kestev. Tehes t\u00f6\u00f6d hingega, v\u00f5id tunda sellest \u00f5nne ning uskudes sellesse, mida teed, saavutad sa maksimaalse.<br><br><br>Peeter Annion<br><img loading=\"lazy\" decoding=\"async\" width=\"170\" height=\"72\" class=\"wp-image-1931\" style=\"width: 170px;\" src=\"https:\/\/wp.notbad.site\/wp-content\/uploads\/2023\/07\/petsiallkiri1.png\" alt=\"\" srcset=\"https:\/\/wp.notbad.site\/wp-content\/uploads\/2023\/07\/petsiallkiri1.png 188w, https:\/\/wp.notbad.site\/wp-content\/uploads\/2023\/07\/petsiallkiri1-18x8.png 18w\" sizes=\"auto, (max-width: 170px) 100vw, 170px\" \/><\/h5><\/div><\/div><\/div>\n<\/div>\n<\/div><\/div>\n\n\n\n<div class=\"wp-block-uagb-container uagb-block-48db9b37 alignfull uagb-is-root-container\"><div class=\"uagb-container-inner-blocks-wrap\">\n<div class=\"wp-block-uagb-advanced-heading uagb-block-a66cd0fa\"><h6 class=\"uagb-heading-text\">Tooted<\/h6><div class=\"uagb-separator\"><\/div><\/div>\n\n\n\n<div class=\"wp-block-uagb-container uagb-block-d35f6f06\">\n<div class=\"wp-block-uagb-container uagb-block-68aaebcf\">\n<div class=\"wp-block-uagb-image aligncenter uagb-block-aa03475e wp-block-uagb-image--layout-default wp-block-uagb-image--effect-static wp-block-uagb-image--align-center\"><figure class=\"wp-block-uagb-image__figure\"><img decoding=\"async\" srcset=\"https:\/\/wp.notbad.site\/wp-content\/uploads\/2023\/07\/fila-black-logo-1024x576.png \" sizes=\"auto, (max-width: 480px) 150px\" src=\"https:\/\/wp.notbad.site\/wp-content\/uploads\/2023\/07\/fila-black-logo-1024x576.png\" alt=\"\" class=\"uag-image-1946\" width=\"1024\" height=\"576\" title=\"\" loading=\"lazy\"\/><\/figure><\/div>\n<\/div>\n\n\n\n<div class=\"wp-block-uagb-container uagb-block-08d0c7fa\">\n<div class=\"wp-block-uagb-image aligncenter uagb-block-0ad78509 wp-block-uagb-image--layout-default wp-block-uagb-image--effect-static wp-block-uagb-image--align-center\"><figure class=\"wp-block-uagb-image__figure\"><img decoding=\"async\" srcset=\"https:\/\/wp.notbad.site\/wp-content\/uploads\/2023\/07\/png-transparent-fashion-designer-clothing-perfume-armani-pierre-cardin-text-perfume-fashion-1-1024x576.png \" sizes=\"auto, (max-width: 480px) 150px\" src=\"https:\/\/wp.notbad.site\/wp-content\/uploads\/2023\/07\/png-transparent-fashion-designer-clothing-perfume-armani-pierre-cardin-text-perfume-fashion-1-1024x576.png\" alt=\"\" class=\"uag-image-1935\" width=\"1024\" height=\"576\" title=\"\" loading=\"lazy\"\/><\/figure><\/div>\n<\/div>\n\n\n\n<div class=\"wp-block-uagb-container uagb-block-a4ab3dfd\">\n<div class=\"wp-block-uagb-image aligncenter uagb-block-e2e63647 wp-block-uagb-image--layout-default wp-block-uagb-image--effect-static wp-block-uagb-image--align-center\"><figure class=\"wp-block-uagb-image__figure\"><img decoding=\"async\" srcset=\"https:\/\/wp.notbad.site\/wp-content\/uploads\/2023\/07\/emy.png \" sizes=\"auto, (max-width: 480px) 150px\" src=\"https:\/\/wp.notbad.site\/wp-content\/uploads\/2023\/07\/emy.png\" alt=\"\" class=\"uag-image-1937\" width=\"78\" height=\"60\" title=\"\" loading=\"lazy\"\/><\/figure><\/div>\n<\/div>\n\n\n\n<div class=\"wp-block-uagb-container uagb-block-a79975a3\">\n<div class=\"wp-block-uagb-image aligncenter uagb-block-13e5ebfd wp-block-uagb-image--layout-default wp-block-uagb-image--effect-static wp-block-uagb-image--align-center\"><figure class=\"wp-block-uagb-image__figure\"><img decoding=\"async\" srcset=\"https:\/\/wp.notbad.site\/wp-content\/uploads\/2023\/07\/logo-dagbw.png \" sizes=\"auto, (max-width: 480px) 150px\" src=\"https:\/\/wp.notbad.site\/wp-content\/uploads\/2023\/07\/logo-dagbw.png\" alt=\"\" class=\"uag-image-1945\" width=\"107\" height=\"48\" title=\"\" loading=\"lazy\"\/><\/figure><\/div>\n<\/div>\n\n\n\n<div class=\"wp-block-uagb-container uagb-block-e17812fd\">\n<div class=\"wp-block-uagb-image aligncenter uagb-block-912098a7 wp-block-uagb-image--layout-default wp-block-uagb-image--effect-static wp-block-uagb-image--align-center\"><figure class=\"wp-block-uagb-image__figure\"><img decoding=\"async\" srcset=\"https:\/\/wp.notbad.site\/wp-content\/uploads\/2023\/07\/brubeck.png \" sizes=\"auto, (max-width: 480px) 150px\" src=\"https:\/\/wp.notbad.site\/wp-content\/uploads\/2023\/07\/brubeck.png\" alt=\"\" class=\"uag-image-1948\" width=\"558\" height=\"212\" title=\"\" loading=\"lazy\"\/><\/figure><\/div>\n<\/div>\n\n\n\n<div class=\"wp-block-uagb-container uagb-block-c8f5fd1a\">\n<div class=\"wp-block-uagb-image aligncenter uagb-block-52b57198 wp-block-uagb-image--layout-default wp-block-uagb-image--effect-static wp-block-uagb-image--align-center\"><figure class=\"wp-block-uagb-image__figure\"><img decoding=\"async\" srcset=\"https:\/\/wp.notbad.site\/wp-content\/uploads\/2023\/07\/cornettebw.png \" sizes=\"auto, (max-width: 480px) 150px\" src=\"https:\/\/wp.notbad.site\/wp-content\/uploads\/2023\/07\/cornettebw.png\" alt=\"\" class=\"uag-image-1942\" width=\"519\" height=\"154\" title=\"\" loading=\"lazy\"\/><\/figure><\/div>\n<\/div>\n<\/div>\n<\/div><\/div>\n\n\n\n<div class=\"wp-block-uagb-container uagb-block-03e76959 alignfull uagb-is-root-container\"><div class=\"uagb-container-inner-blocks-wrap\">\n<div class=\"wp-block-uagb-container uagb-block-95b21703\">\n<div class=\"wp-block-uagb-advanced-heading uagb-block-3e71dca2\"><h5 class=\"uagb-heading-text\">Filosoofia<\/h5><\/div>\n<\/div>\n\n\n\n<div class=\"wp-block-uagb-container uagb-block-92ba8f8e\">\n<div class=\"wp-block-uagb-advanced-heading uagb-block-7886d0db\"><p class=\"uagb-heading-text\">L\u00e4bi meie kindla p\u00fchendumuse kvaliteedile, innovatsioonile, j\u00e4tkusuutlikkusele ja kliendirahulolule p\u00fc\u00fcdleme saada usaldusv\u00e4\u00e4rseks ja m\u00f5jukaks br\u00e4ndiks aluspesu valdkonnas. Merigeni eesm\u00e4rk on tugevdada individuaalsust, m\u00e4\u00e4ratleda mugavus uuesti ning innustada enesekindlust, v\u00f5imaldades k\u00f5igil uhkusega omaks v\u00f5tta oma autentset mina.<\/p><\/div>\n<\/div>\n<\/div><\/div>","protected":false},"excerpt":{"rendered":"<p>About The textile and knitwear product portfolio of O\u00dc Merigen is extensive and wide-ranging, both in terms of brands and product groups. We also produce various products using our own acquired thread, yarn, and other materials, which we can offer to our customers and resellers with a good price-to-quality ratio. We highly value the desires [&hellip;]<\/p>\n","protected":false},"author":1,"featured_media":0,"parent":0,"menu_order":0,"comment_status":"closed","ping_status":"closed","template":"","meta":{"_uag_custom_page_level_css":"","site-sidebar-layout":"no-sidebar","site-content-layout":"page-builder","ast-site-content-layout":"","site-content-style":"default","site-sidebar-style":"default","ast-global-header-display":"","ast-banner-title-visibility":"","ast-main-header-display":"","ast-hfb-above-header-display":"","ast-hfb-below-header-display":"","ast-hfb-mobile-header-display":"","site-post-title":"disabled","ast-breadcrumbs-content":"","ast-featured-img":"disabled","footer-sml-layout":"","theme-transparent-header-meta":"default","adv-header-id-meta":"","stick-header-meta":"","header-above-stick-meta":"","header-main-stick-meta":"","header-below-stick-meta":"","astra-migrate-meta-layouts":"default","ast-page-background-enabled":"default","ast-page-background-meta":{"desktop":{"background-color":"var(--ast-global-color-4)","background-image":"","background-repeat":"repeat","background-position":"center center","background-size":"auto","background-attachment":"scroll","background-type":"","background-media":"","overlay-type":"","overlay-color":"","overlay-opacity":"","overlay-gradient":""},"tablet":{"background-color":"","background-image":"","background-repeat":"repeat","background-position":"center center","background-size":"auto","background-attachment":"scroll","background-type":"","background-media":"","overlay-type":"","overlay-color":"","overlay-opacity":"","overlay-gradient":""},"mobile":{"background-color":"","background-image":"","background-repeat":"repeat","background-position":"center center","background-size":"auto","background-attachment":"scroll","background-type":"","background-media":"","overlay-type":"","overlay-color":"","overlay-opacity":"","overlay-gradient":""}},"ast-content-background-meta":{"desktop":{"background-color":"var(--ast-global-color-5)","background-image":"","background-repeat":"repeat","background-position":"center center","background-size":"auto","background-attachment":"scroll","background-type":"","background-media":"","overlay-type":"","overlay-color":"","overlay-opacity":"","overlay-gradient":""},"tablet":{"background-color":"var(--ast-global-color-5)","background-image":"","background-repeat":"repeat","background-position":"center center","background-size":"auto","background-attachment":"scroll","background-type":"","background-media":"","overlay-type":"","overlay-color":"","overlay-opacity":"","overlay-gradient":""},"mobile":{"background-color":"var(--ast-global-color-5)","background-image":"","background-repeat":"repeat","background-position":"center center","background-size":"auto","background-attachment":"scroll","background-type":"","background-media":"","overlay-type":"","overlay-color":"","overlay-opacity":"","overlay-gradient":""}},"footnotes":""},"class_list":["post-1009","page","type-page","status-publish","hentry"],"uagb_featured_image_src":{"full":false,"thumbnail":false,"medium":false,"medium_large":false,"large":false,"1536x1536":false,"2048x2048":false,"trp-custom-language-flag":false,"woocommerce_thumbnail":false,"woocommerce_single":false,"woocommerce_gallery_thumbnail":false},"uagb_author_info":{"display_name":"mnouli","author_link":"https:\/\/wp.notbad.site\/et\/author\/mnouli\/"},"uagb_comment_info":0,"uagb_excerpt":"About The textile and knitwear product portfolio of O\u00dc Merigen is extensive and wide-ranging, both in terms of brands and product groups. We also produce various products using our own acquired thread, yarn, and other materials, which we can offer to our customers and resellers with a good price-to-quality ratio. We highly value the desires&hellip;","_links":{"self":[{"href":"https:\/\/wp.notbad.site\/et\/wp-json\/wp\/v2\/pages\/1009","targetHints":{"allow":["GET"]}}],"collection":[{"href":"https:\/\/wp.notbad.site\/et\/wp-json\/wp\/v2\/pages"}],"about":[{"href":"https:\/\/wp.notbad.site\/et\/wp-json\/wp\/v2\/types\/page"}],"author":[{"embeddable":true,"href":"https:\/\/wp.notbad.site\/et\/wp-json\/wp\/v2\/users\/1"}],"replies":[{"embeddable":true,"href":"https:\/\/wp.notbad.site\/et\/wp-json\/wp\/v2\/comments?post=1009"}],"version-history":[{"count":4,"href":"https:\/\/wp.notbad.site\/et\/wp-json\/wp\/v2\/pages\/1009\/revisions"}],"predecessor-version":[{"id":1949,"href":"https:\/\/wp.notbad.site\/et\/wp-json\/wp\/v2\/pages\/1009\/revisions\/1949"}],"wp:attachment":[{"href":"https:\/\/wp.notbad.site\/et\/wp-json\/wp\/v2\/media?parent=1009"}],"curies":[{"name":"wp","href":"https:\/\/api.w.org\/{rel}","templated":true}]}}